{"id":3033,"date":"2021-05-11T20:48:04","date_gmt":"2021-05-11T18:48:04","guid":{"rendered":"https:\/\/www.bluebutterflydesign.com\/prenajom-dekoracie\/"},"modified":"2021-05-11T20:48:06","modified_gmt":"2021-05-11T18:48:06","slug":"prenajom-dekoracie","status":"publish","type":"page","link":"https:\/\/www.bluebutterflydesign.com\/sk\/prenajom-dekoracie\/","title":{"rendered":"Pren\u00e1jom dekor\u00e1cie"},"content":{"rendered":"<div class=\"fusion-fullwidth fullwidth-box fusion-builder-row-1 fusion-flex-container nonhundred-percent-fullwidth non-hundred-percent-height-scrolling\" style=\"background-color: #29292a;background-position: center center;background-repeat: no-repeat;border-width: 0px 0px 0px 0px;border-color:#3e3e3e;border-style:solid;\" ><div class=\"fusion-builder-row fusion-row fusion-flex-align-items-flex-start\" style=\"max-width:1216.8px;margin-left: calc(-4% \/ 2 );margin-right: calc(-4% \/ 2 );\"><div class=\"fusion-layout-column fusion_builder_column fusion-builder-column-0 fusion_builder_column_1_1 1_1 fusion-flex-column\"><div class=\"fusion-column-wrapper fusion-flex-justify-content-flex-start fusion-content-layout-column\" style=\"background-position:left top;background-repeat:no-repeat;-webkit-background-size:cover;-moz-background-size:cover;-o-background-size:cover;background-size:cover;padding: 0px 0px 0px 0px;\"><style type=\"text\/css\">@media only screen and (max-width:800px) {.fusion-title.fusion-title-1{margin-top:0px!important; margin-right:0px!important;margin-bottom:0px!important;margin-left:0px!important;}}@media only screen and (max-width:640px) {.fusion-title.fusion-title-1{margin-top:0px!important; margin-right:0px!important;margin-bottom:20px!important; margin-left:0px!important;}}<\/style><div class=\"fusion-title title fusion-title-1 fusion-title-center fusion-title-text fusion-title-size-one fusion-animated\" style=\"margin-top:0px;margin-right:0px;margin-bottom:0px;margin-left:0px;\" data-animationType=\"slideInDown\" data-animationDuration=\"0.3\" data-animationOffset=\"100%\"><div class=\"title-sep-container title-sep-container-left\"><div class=\"title-sep sep-\" style=\"border-color:#3e3e3e;\"><\/div><\/div><h1 class=\"title-heading-center fusion-responsive-typography-calculated\" style=\"margin:0;--fontSize:90;line-height:1;\">PREN\u00c1JOM DEKOR\u00c1CIE<\/h1><div class=\"title-sep-container title-sep-container-right\"><div class=\"title-sep sep-\" style=\"border-color:#3e3e3e;\"><\/div><\/div><\/div><\/div><style type=\"text\/css\">.fusion-body .fusion-builder-column-0{width:100% !important;margin-top : 0px;margin-bottom : 0px;}.fusion-builder-column-0 > .fusion-column-wrapper {padding-top : 0px !important;padding-right : 0px !important;margin-right : 1.92%;padding-bottom : 0px !important;padding-left : 0px !important;margin-left : 1.92%;}@media only screen and (max-width:800px) {.fusion-body .fusion-builder-column-0{width:100% !important;order : 0;}.fusion-builder-column-0 > .fusion-column-wrapper {margin-right : 1.92%;margin-left : 1.92%;}}@media only screen and (max-width:640px) {.fusion-body .fusion-builder-column-0{width:100% !important;order : 0;}.fusion-builder-column-0 > .fusion-column-wrapper {margin-right : 1.92%;margin-left : 1.92%;}}<\/style><\/div><div class=\"fusion-layout-column fusion_builder_column fusion-builder-column-1 fusion_builder_column_1_2 1_2 fusion-flex-column\"><div class=\"fusion-column-wrapper fusion-flex-justify-content-flex-start fusion-content-layout-column\" style=\"background-position:left top;background-repeat:no-repeat;-webkit-background-size:cover;-moz-background-size:cover;-o-background-size:cover;background-size:cover;padding: 0px 0px 0px 0px;\"><div class=\"fusion-text fusion-text-1 fusion-animated\" data-animationType=\"slideInLeft\" data-animationDuration=\"0.3\" data-animationOffset=\"100%\"><h4><strong><span style=\"color: #3366ff;\">Preto\u017ee to d\u00e1va zmysel<\/span><\/strong><\/h4>\n<p><em>\u201eNeviem, \u010do bude trendy 3 roky. Pre\u010do by som sa mal rozhodn\u00fa\u0165 dlho vopred o mojej dekor\u00e1cii. Chcem by\u0165 flexibiln\u00fd a \u010dasto ma\u0165 in\u00fd koncept&#8220;<\/em><\/p>\n<\/div><\/div><style type=\"text\/css\">.fusion-body .fusion-builder-column-1{width:50% !important;margin-top : 0px;margin-bottom : 0px;}.fusion-builder-column-1 > .fusion-column-wrapper {padding-top : 0px !important;padding-right : 0px !important;margin-right : 3.84%;padding-bottom : 0px !important;padding-left : 0px !important;margin-left : 3.84%;}@media only screen and (max-width:800px) {.fusion-body .fusion-builder-column-1{width:100% !important;order : 0;}.fusion-builder-column-1 > .fusion-column-wrapper {margin-right : 1.92%;margin-left : 1.92%;}}@media only screen and (max-width:640px) {.fusion-body .fusion-builder-column-1{width:100% !important;order : 0;}.fusion-builder-column-1 > .fusion-column-wrapper {margin-right : 1.92%;margin-left : 1.92%;}}<\/style><\/div><div class=\"fusion-layout-column fusion_builder_column fusion-builder-column-2 fusion_builder_column_1_2 1_2 fusion-flex-column\"><div class=\"fusion-column-wrapper fusion-flex-justify-content-flex-start fusion-content-layout-column\" style=\"background-position:left top;background-repeat:no-repeat;-webkit-background-size:cover;-moz-background-size:cover;-o-background-size:cover;background-size:cover;padding: 0px 0px 0px 0px;\"><div class=\"fusion-text fusion-text-2 fusion-animated\" data-animationType=\"slideInRight\" data-animationDuration=\"0.3\" data-animationOffset=\"100%\"><h4><strong><span style=\"color: #3366ff;\">V\u00fdhody s\u00fa zrejm\u00e9.<\/span><\/strong><\/h4>\n<ul>\n<li>Zmena dekor\u00e1ci\u00ed v\u00e1m umo\u017en\u00ed by\u0165 v\u017edy najmodernej\u0161\u00edm.<\/li>\n<li>Kompletn\u00e9 servisn\u00e9 zmluvy zaru\u010duj\u00fa dokonale funk\u010dn\u00e9 dekor\u00e1cie a vyh\u00fdbaj\u00fa sa poplatkom za \u00fadr\u017ebu.<\/li>\n<li>Vy si vyberiete, ako dlho si chcete necha\u0165 svoju dekor\u00e1ciu. Od 1 do 5 rokov.<\/li>\n<\/ul>\n<\/div><\/div><style type=\"text\/css\">.fusion-body .fusion-builder-column-2{width:50% !important;margin-top : 0px;margin-bottom : 0px;}.fusion-builder-column-2 > .fusion-column-wrapper {padding-top : 0px !important;padding-right : 0px !important;margin-right : 3.84%;padding-bottom : 0px !important;padding-left : 0px !important;margin-left : 3.84%;}@media only screen and (max-width:800px) {.fusion-body .fusion-builder-column-2{width:100% !important;order : 0;}.fusion-builder-column-2 > .fusion-column-wrapper {margin-right : 1.92%;margin-left : 1.92%;}}@media only screen and (max-width:640px) {.fusion-body .fusion-builder-column-2{width:100% !important;order : 0;}.fusion-builder-column-2 > .fusion-column-wrapper {margin-right : 1.92%;margin-left : 1.92%;}}<\/style><\/div><\/div><style type=\"text\/css\">.fusion-body .fusion-flex-container.fusion-builder-row-1{ padding-top : 0px;margin-top : 0px;padding-right : 0px;padding-bottom : 0px;margin-bottom : 0px;padding-left : 0px;}<\/style><\/div>\n","protected":false},"excerpt":{"rendered":"","protected":false},"author":1,"featured_media":0,"parent":0,"menu_order":0,"comment_status":"closed","ping_status":"closed","template":"","meta":[],"yoast_head":"<!-- This site is optimized with the Yoast SEO plugin v16.2 - https:\/\/yoast.com\/wordpress\/plugins\/seo\/ -->\n<title>Pren\u00e1jom dekor\u00e1cie - Blue Butterfly Design<\/title>\n<meta name=\"robots\" content=\"index, follow, max-snippet:-1, max-image-preview:large, max-video-preview:-1\" \/>\n<link rel=\"canonical\" href=\"https:\/\/www.bluebutterflydesign.com\/sk\/prenajom-dekoracie\/\" \/>\n<meta property=\"og:locale\" content=\"sk_SK\" \/>\n<meta property=\"og:type\" content=\"article\" \/>\n<meta property=\"og:title\" content=\"Pren\u00e1jom dekor\u00e1cie - Blue Butterfly Design\" \/>\n<meta property=\"og:url\" content=\"https:\/\/www.bluebutterflydesign.com\/sk\/prenajom-dekoracie\/\" \/>\n<meta property=\"og:site_name\" content=\"Blue Butterfly Design\" \/>\n<meta property=\"article:modified_time\" content=\"2021-05-11T18:48:06+00:00\" \/>\n<meta name=\"twitter:card\" content=\"summary_large_image\" \/>\n<meta name=\"twitter:label1\" content=\"Predpokladan\u00fd \u010das \u010d\u00edtania\">\n\t<meta name=\"twitter:data1\" content=\"7 min\u00fat\">\n<script type=\"application\/ld+json\" class=\"yoast-schema-graph\">{\"@context\":\"https:\/\/schema.org\",\"@graph\":[{\"@type\":\"WebSite\",\"@id\":\"https:\/\/www.bluebutterflydesign.com\/#website\",\"url\":\"https:\/\/www.bluebutterflydesign.com\/\",\"name\":\"Blue Butterfly Design\",\"description\":\"Open For New Adventures\",\"potentialAction\":[{\"@type\":\"SearchAction\",\"target\":\"https:\/\/www.bluebutterflydesign.com\/?s={search_term_string}\",\"query-input\":\"required name=search_term_string\"}],\"inLanguage\":\"sk-SK\"},{\"@type\":\"WebPage\",\"@id\":\"https:\/\/www.bluebutterflydesign.com\/sk\/prenajom-dekoracie\/#webpage\",\"url\":\"https:\/\/www.bluebutterflydesign.com\/sk\/prenajom-dekoracie\/\",\"name\":\"Pren\\u00e1jom dekor\\u00e1cie - Blue Butterfly Design\",\"isPartOf\":{\"@id\":\"https:\/\/www.bluebutterflydesign.com\/#website\"},\"datePublished\":\"2021-05-11T18:48:04+00:00\",\"dateModified\":\"2021-05-11T18:48:06+00:00\",\"breadcrumb\":{\"@id\":\"https:\/\/www.bluebutterflydesign.com\/sk\/prenajom-dekoracie\/#breadcrumb\"},\"inLanguage\":\"sk-SK\",\"potentialAction\":[{\"@type\":\"ReadAction\",\"target\":[\"https:\/\/www.bluebutterflydesign.com\/sk\/prenajom-dekoracie\/\"]}]},{\"@type\":\"BreadcrumbList\",\"@id\":\"https:\/\/www.bluebutterflydesign.com\/sk\/prenajom-dekoracie\/#breadcrumb\",\"itemListElement\":[{\"@type\":\"ListItem\",\"position\":1,\"item\":{\"@type\":\"WebPage\",\"@id\":\"https:\/\/www.bluebutterflydesign.com\/sk\/domov\/\",\"url\":\"https:\/\/www.bluebutterflydesign.com\/sk\/domov\/\",\"name\":\"Home\"}},{\"@type\":\"ListItem\",\"position\":2,\"item\":{\"@id\":\"https:\/\/www.bluebutterflydesign.com\/sk\/prenajom-dekoracie\/#webpage\"}}]}]}<\/script>\n<!-- \/ Yoast SEO plugin. -->","_links":{"self":[{"href":"https:\/\/www.bluebutterflydesign.com\/sk\/wp-json\/wp\/v2\/pages\/3033"}],"collection":[{"href":"https:\/\/www.bluebutterflydesign.com\/sk\/wp-json\/wp\/v2\/pages"}],"about":[{"href":"https:\/\/www.bluebutterflydesign.com\/sk\/wp-json\/wp\/v2\/types\/page"}],"author":[{"embeddable":true,"href":"https:\/\/www.bluebutterflydesign.com\/sk\/wp-json\/wp\/v2\/users\/1"}],"replies":[{"embeddable":true,"href":"https:\/\/www.bluebutterflydesign.com\/sk\/wp-json\/wp\/v2\/comments?post=3033"}],"version-history":[{"count":6,"href":"https:\/\/www.bluebutterflydesign.com\/sk\/wp-json\/wp\/v2\/pages\/3033\/revisions"}],"predecessor-version":[{"id":3041,"href":"https:\/\/www.bluebutterflydesign.com\/sk\/wp-json\/wp\/v2\/pages\/3033\/revisions\/3041"}],"wp:attachment":[{"href":"https:\/\/www.bluebutterflydesign.com\/sk\/wp-json\/wp\/v2\/media?parent=3033"}],"curies":[{"name":"wp","href":"https:\/\/api.w.org\/{rel}","templated":true}]}}