{"id":3103,"date":"2021-05-11T22:10:59","date_gmt":"2021-05-11T20:10:59","guid":{"rendered":"https:\/\/www.bluebutterflydesign.com\/impressum\/"},"modified":"2021-05-20T11:47:10","modified_gmt":"2021-05-20T09:47:10","slug":"impressum","status":"publish","type":"page","link":"https:\/\/www.bluebutterflydesign.com\/hu\/impressum\/","title":{"rendered":"Impresszum"},"content":{"rendered":"<div class=\"fusion-fullwidth fullwidth-box fusion-builder-row-1 fusion-flex-container nonhundred-percent-fullwidth non-hundred-percent-height-scrolling\" style=\"background-color: #29292a;background-position: center center;background-repeat: no-repeat;border-width: 0px 0px 0px 0px;border-color:#3e3e3e;border-style:solid;\" ><div class=\"fusion-builder-row fusion-row fusion-flex-align-items-flex-start\" style=\"max-width:1216.8px;margin-left: calc(-4% \/ 2 );margin-right: calc(-4% \/ 2 );\"><div class=\"fusion-layout-column fusion_builder_column fusion-builder-column-0 fusion_builder_column_1_1 1_1 fusion-flex-column\"><div class=\"fusion-column-wrapper fusion-flex-justify-content-flex-start fusion-content-layout-column\" style=\"background-position:left top;background-repeat:no-repeat;-webkit-background-size:cover;-moz-background-size:cover;-o-background-size:cover;background-size:cover;padding: 0px 0px 0px 0px;\"><div class=\"fusion-text fusion-text-1\"><p><strong>ADATV\u00c9DELMI IR\u00c1NYELVEK<\/strong><\/p>\n<p>Nagyra \u00e9rt\u00e9kelj\u00fck a honlapunk megl\u00e1togat\u00e1s\u00e1t, valamint a c\u00e9g\u00fcnk \u00e9s term\u00e9keink ir\u00e1nti \u00e9rdekl\u0151d\u00e9s\u00e9t. Nagyon komolyan vessz\u00fck szem\u00e9lyes adatainak \u00e9s mag\u00e1n\u00e9let\u00e9nek v\u00e9delm\u00e9t annak \u00e9rdek\u00e9ben, hogy biztons\u00e1gosan \u00e9s k\u00e9nyelmesen \u00e9rezze mag\u00e1t honlapunk l\u00e1togat\u00e1sakor. Ezekkel az adatv\u00e9delmi ir\u00e1nyelvekkel szeretn\u00e9nk t\u00e1j\u00e9koztatni \u00d6nt arr\u00f3l, hogy mikor t\u00e1roljuk az adatokat \u00e9s hogyan haszn\u00e1ljuk fel \u0151ket &#8211; a jelenlegi osztr\u00e1k adatv\u00e9delmi szab\u00e1lyoknak megfelel\u0151en &#8230;<\/p>\n<p><strong>N\u00c9VTELEN ADATGY\u0170JT\u00c9S<\/strong><\/p>\n<p>Megl\u00e1togathatja weboldalunkat an\u00e9lk\u00fcl, hogy megtudn\u00e1nk, hogy ki is \u00d6n. Csak az internetszolg\u00e1ltat\u00f3 nev\u00e9t, a webb\u00f6ng\u00e9sz\u0151t, \u00e9s a honlapunkon megtekintett oldalakr\u00f3l val\u00f3 adatokat gy\u0171jtj\u00fck. Ezeket az inform\u00e1ci\u00f3kat statisztikai c\u00e9lokra elemezz\u00fck. Felhaszn\u00e1l\u00f3k\u00e9nt \u00d6n n\u00e9vtelen\/ismeretlen marad.<\/p>\n<p><strong>SZEM\u00c9LYES ADATOK GY\u0170JT\u00c9SE \u00c9S FELDOLGOZ\u00c1SA<\/strong><\/p>\n<p>Szem\u00e9lyes adatokat csak akkor gy\u0171jt\u00fcnk, ha p\u00e9ld\u00e1ul megrendel\u00e9st, felm\u00e9r\u00e9st, \u00e1rjelent\u00e9st vagy szem\u00e9lyre szabott szolg\u00e1ltat\u00e1sokra val\u00f3 regisztr\u00e1ci\u00f3t hajt v\u00e9gre. Ezeket az adatokat rekl\u00e1moz\u00e1s \u00e9s piackutat\u00e1s, valamint az elektronikus szolg\u00e1ltat\u00e1sok megfelel\u0151 kialak\u00edt\u00e1sa c\u00e9lj\u00e1b\u00f3l dolgozzuk fel. Tov\u00e1bb\u00e1 az \u00d6n beleegyez\u00e9se eset\u00e9n a Blue Butterfly Design oldalak megl\u00e1togat\u00e1sakor k\u00e9rt inform\u00e1ci\u00f3kat felhaszn\u00e1l\u00f3i profilba egyes\u00edtik annak \u00e9rdek\u00e9ben, hogy szem\u00e9lyre szabott hirdet\u00e9seket k\u00edn\u00e1lhassunk \u00d6nnek.<\/p>\n<p><strong>TARTALOM\u00c9RT FELEL\u0150S<\/strong><\/p>\n<p>BLUE BUTTERFLY DESIGN, s.r.o.<br \/>\nAl\u017ebetina 2<br \/>\n040 01 Ko\u0161ice<br \/>\nSzlov\u00e1kia<\/p>\n<p><strong>ID: <\/strong>44129084<br \/>\n<strong>VAT: <\/strong>SK2022598512<\/p>\n<p><strong>E-MAIL<\/strong> marketing@bluebutterflydesign.com<br \/>\n<strong>WEB<\/strong> www.bluebutterflydesign.com<\/p>\n<\/div><\/div><style type=\"text\/css\">.fusion-body .fusion-builder-column-0{width:100% !important;margin-top : 0px;margin-bottom : 0px;}.fusion-builder-column-0 > .fusion-column-wrapper {padding-top : 0px !important;padding-right : 0px !important;margin-right : 1.92%;padding-bottom : 0px !important;padding-left : 0px !important;margin-left : 1.92%;}@media only screen and (max-width:800px) {.fusion-body .fusion-builder-column-0{width:100% !important;order : 0;}.fusion-builder-column-0 > .fusion-column-wrapper {margin-right : 1.92%;margin-left : 1.92%;}}@media only screen and (max-width:640px) {.fusion-body .fusion-builder-column-0{width:100% !important;order : 0;}.fusion-builder-column-0 > .fusion-column-wrapper {margin-right : 1.92%;margin-left : 1.92%;}}<\/style><\/div><\/div><style type=\"text\/css\">.fusion-body .fusion-flex-container.fusion-builder-row-1{ padding-top : 0px;margin-top : 0px;padding-right : 0px;padding-bottom : 0px;margin-bottom : 0px;padding-left : 0px;}<\/style><\/div>\n","protected":false},"excerpt":{"rendered":"","protected":false},"author":1,"featured_media":0,"parent":0,"menu_order":0,"comment_status":"closed","ping_status":"closed","template":"","meta":[],"yoast_head":"<!-- This site is optimized with the Yoast SEO plugin v16.2 - https:\/\/yoast.com\/wordpress\/plugins\/seo\/ -->\n<title>Impresszum - Blue Butterfly Design<\/title>\n<meta name=\"robots\" content=\"index, follow, max-snippet:-1, max-image-preview:large, max-video-preview:-1\" \/>\n<link rel=\"canonical\" href=\"https:\/\/www.bluebutterflydesign.com\/hu\/impressum\/\" \/>\n<meta property=\"og:locale\" content=\"hu_HU\" \/>\n<meta property=\"og:type\" content=\"article\" \/>\n<meta property=\"og:title\" content=\"Impresszum - Blue Butterfly Design\" \/>\n<meta property=\"og:url\" content=\"https:\/\/www.bluebutterflydesign.com\/hu\/impressum\/\" \/>\n<meta property=\"og:site_name\" content=\"Blue Butterfly Design\" \/>\n<meta property=\"article:modified_time\" content=\"2021-05-20T09:47:10+00:00\" \/>\n<meta name=\"twitter:card\" content=\"summary_large_image\" \/>\n<meta name=\"twitter:label1\" content=\"Becs\u00fclt olvas\u00e1si id\u0151\">\n\t<meta name=\"twitter:data1\" content=\"4 perc\">\n<script type=\"application\/ld+json\" class=\"yoast-schema-graph\">{\"@context\":\"https:\/\/schema.org\",\"@graph\":[{\"@type\":\"WebSite\",\"@id\":\"https:\/\/www.bluebutterflydesign.com\/#website\",\"url\":\"https:\/\/www.bluebutterflydesign.com\/\",\"name\":\"Blue Butterfly Design\",\"description\":\"Open For New Adventures\",\"potentialAction\":[{\"@type\":\"SearchAction\",\"target\":\"https:\/\/www.bluebutterflydesign.com\/?s={search_term_string}\",\"query-input\":\"required name=search_term_string\"}],\"inLanguage\":\"hu\"},{\"@type\":\"WebPage\",\"@id\":\"https:\/\/www.bluebutterflydesign.com\/hu\/impressum\/#webpage\",\"url\":\"https:\/\/www.bluebutterflydesign.com\/hu\/impressum\/\",\"name\":\"Impresszum - Blue Butterfly Design\",\"isPartOf\":{\"@id\":\"https:\/\/www.bluebutterflydesign.com\/#website\"},\"datePublished\":\"2021-05-11T20:10:59+00:00\",\"dateModified\":\"2021-05-20T09:47:10+00:00\",\"breadcrumb\":{\"@id\":\"https:\/\/www.bluebutterflydesign.com\/hu\/impressum\/#breadcrumb\"},\"inLanguage\":\"hu\",\"potentialAction\":[{\"@type\":\"ReadAction\",\"target\":[\"https:\/\/www.bluebutterflydesign.com\/hu\/impressum\/\"]}]},{\"@type\":\"BreadcrumbList\",\"@id\":\"https:\/\/www.bluebutterflydesign.com\/hu\/impressum\/#breadcrumb\",\"itemListElement\":[{\"@type\":\"ListItem\",\"position\":1,\"item\":{\"@type\":\"WebPage\",\"@id\":\"https:\/\/www.bluebutterflydesign.com\/\",\"url\":\"https:\/\/www.bluebutterflydesign.com\/\",\"name\":\"Home\"}},{\"@type\":\"ListItem\",\"position\":2,\"item\":{\"@id\":\"https:\/\/www.bluebutterflydesign.com\/hu\/impressum\/#webpage\"}}]}]}<\/script>\n<!-- \/ Yoast SEO plugin. -->","_links":{"self":[{"href":"https:\/\/www.bluebutterflydesign.com\/hu\/wp-json\/wp\/v2\/pages\/3103"}],"collection":[{"href":"https:\/\/www.bluebutterflydesign.com\/hu\/wp-json\/wp\/v2\/pages"}],"about":[{"href":"https:\/\/www.bluebutterflydesign.com\/hu\/wp-json\/wp\/v2\/types\/page"}],"author":[{"embeddable":true,"href":"https:\/\/www.bluebutterflydesign.com\/hu\/wp-json\/wp\/v2\/users\/1"}],"replies":[{"embeddable":true,"href":"https:\/\/www.bluebutterflydesign.com\/hu\/wp-json\/wp\/v2\/comments?post=3103"}],"version-history":[{"count":6,"href":"https:\/\/www.bluebutterflydesign.com\/hu\/wp-json\/wp\/v2\/pages\/3103\/revisions"}],"predecessor-version":[{"id":3215,"href":"https:\/\/www.bluebutterflydesign.com\/hu\/wp-json\/wp\/v2\/pages\/3103\/revisions\/3215"}],"wp:attachment":[{"href":"https:\/\/www.bluebutterflydesign.com\/hu\/wp-json\/wp\/v2\/media?parent=3103"}],"curies":[{"name":"wp","href":"https:\/\/api.w.org\/{rel}","templated":true}]}}