{"id":3047,"date":"2021-05-11T21:19:26","date_gmt":"2021-05-11T19:19:26","guid":{"rendered":"https:\/\/www.bluebutterflydesign.com\/impressum\/"},"modified":"2021-05-17T09:44:15","modified_gmt":"2021-05-17T07:44:15","slug":"impressum","status":"publish","type":"page","link":"https:\/\/www.bluebutterflydesign.com\/de\/impressum\/","title":{"rendered":"Impressum"},"content":{"rendered":"<div class=\"fusion-fullwidth fullwidth-box fusion-builder-row-1 fusion-flex-container nonhundred-percent-fullwidth non-hundred-percent-height-scrolling\" style=\"background-color: #29292a;background-position: center center;background-repeat: no-repeat;border-width: 0px 0px 0px 0px;border-color:#3e3e3e;border-style:solid;\" ><div class=\"fusion-builder-row fusion-row fusion-flex-align-items-flex-start\" style=\"max-width:1216.8px;margin-left: calc(-4% \/ 2 );margin-right: calc(-4% \/ 2 );\"><div class=\"fusion-layout-column fusion_builder_column fusion-builder-column-0 fusion_builder_column_1_1 1_1 fusion-flex-column\"><div class=\"fusion-column-wrapper fusion-flex-justify-content-flex-start fusion-content-layout-column\" style=\"background-position:left top;background-repeat:no-repeat;-webkit-background-size:cover;-moz-background-size:cover;-o-background-size:cover;background-size:cover;padding: 0px 0px 0px 0px;\"><div class=\"fusion-text fusion-text-1\"><p><strong>DATENSCHUTZERKL\u00c4RUNG<\/strong><\/p>\n<p>Wir freuen uns \u00fcber Ihren Besuch auf unserer Webseite sowie \u00fcber Ihr Interesse an unserem Unternehmen und unseren Produkten. Damit Sie sich beim Besuch unserer Webseite sicher und wohl f\u00fchlen, nehmen wir den Schutz Ihrer pers\u00f6nlichen Daten und deren vertrauliche Behandlung sehr ernst. Mit diesen Hinweisen zum Datenschutz m\u00f6chten wir Sie daher dar\u00fcber informieren, wann wir welche Daten speichern und wie wir sie verwenden \u2013 selbstverst\u00e4ndlich unter Beachtung der geltenden \u00f6sterreichischen Datenschutzvorschriften&#8230;<\/p>\n<p><strong>ANONYME DATENERHEBUNG<\/strong><\/p>\n<p>Sie k\u00f6nnen unsere Webseiten grunds\u00e4tzlich besuchen, ohne uns mitzuteilen, wer Sie sind. Wir erfahren nur den Namen Ihres Internet Service Providers, die Webseite, von der aus Sie uns besuchen, und die Webseiten, die Sie bei uns besuchen. Diese Informationen werden zu statistischen Zwecken ausgewertet. Sie bleiben als einzelner Nutzer anonym.<\/p>\n<p><strong>ERHEBUNG UND VERARBEITUNG PERSONENBEZOGENER DATEN<\/strong><\/p>\n<p>Personenbezogene Daten werden nur erhoben, wenn Sie diese von sich aus, zum Beispiel zur Durchf\u00fchrung eines Auftrages, einer Umfrage, eines Preisausschreibens oder einer Registrierung f\u00fcr personalisierte Dienste mitteilen. Diese Daten werden zum Zwecke von Werbung und Marktforschung sowie zur bedarfsgerechten Gestaltung elektronischer Dienste verarbeitet. Ferner werden im Falle Ihrer Einwilligung die von Ihnen beim Besuch der Blue Butterfly Design-Seiten aufgerufenen Informationen zu einem Nutzerprofil zusammengef\u00fcgt, um Ihnen pers\u00f6nlich auf Sie zugeschnittene Werbung anbieten zu k\u00f6nnen.<\/p>\n<p><strong>F\u00dcR DEN INHALT VERANTWORTLICH<\/strong><\/p>\n<p>BLUE BUTTERFLY DESIGN, s.r.o.<br \/>\nAl\u017ebetina 2<br \/>\n040 01 Ko\u0161ice<br \/>\nSlowakei<\/p>\n<p><strong>UID NUMMER: <\/strong>44129084<br \/>\n<strong>FIRMENBUCH: <\/strong>SK2022598512<\/p>\n<p><strong>E-MAIL<\/strong> marketing@bluebutterflydesign.com<br \/>\n<strong>WEB<\/strong> www.bluebutterflydesign.com<\/p>\n<\/div><\/div><style type=\"text\/css\">.fusion-body .fusion-builder-column-0{width:100% !important;margin-top : 0px;margin-bottom : 0px;}.fusion-builder-column-0 > .fusion-column-wrapper {padding-top : 0px !important;padding-right : 0px !important;margin-right : 1.92%;padding-bottom : 0px !important;padding-left : 0px !important;margin-left : 1.92%;}@media only screen and (max-width:800px) {.fusion-body .fusion-builder-column-0{width:100% !important;order : 0;}.fusion-builder-column-0 > .fusion-column-wrapper {margin-right : 1.92%;margin-left : 1.92%;}}@media only screen and (max-width:640px) {.fusion-body .fusion-builder-column-0{width:100% !important;order : 0;}.fusion-builder-column-0 > .fusion-column-wrapper {margin-right : 1.92%;margin-left : 1.92%;}}<\/style><\/div><\/div><style type=\"text\/css\">.fusion-body .fusion-flex-container.fusion-builder-row-1{ padding-top : 0px;margin-top : 0px;padding-right : 0px;padding-bottom : 0px;margin-bottom : 0px;padding-left : 0px;}<\/style><\/div>\n","protected":false},"excerpt":{"rendered":"","protected":false},"author":1,"featured_media":0,"parent":0,"menu_order":0,"comment_status":"closed","ping_status":"closed","template":"","meta":[],"yoast_head":"<!-- This site is optimized with the Yoast SEO plugin v16.2 - https:\/\/yoast.com\/wordpress\/plugins\/seo\/ -->\n<title>Impressum - Blue Butterfly Design<\/title>\n<meta name=\"robots\" content=\"index, follow, max-snippet:-1, max-image-preview:large, max-video-preview:-1\" \/>\n<link rel=\"canonical\" href=\"https:\/\/www.bluebutterflydesign.com\/de\/impressum\/\" \/>\n<meta property=\"og:locale\" content=\"de_DE\" \/>\n<meta property=\"og:type\" content=\"article\" \/>\n<meta property=\"og:title\" content=\"Impressum - Blue Butterfly Design\" \/>\n<meta property=\"og:url\" content=\"https:\/\/www.bluebutterflydesign.com\/de\/impressum\/\" \/>\n<meta property=\"og:site_name\" content=\"Blue Butterfly Design\" \/>\n<meta property=\"article:modified_time\" content=\"2021-05-17T07:44:15+00:00\" \/>\n<meta name=\"twitter:card\" content=\"summary_large_image\" \/>\n<meta name=\"twitter:label1\" content=\"Gesch\u00e4tzte Lesezeit\">\n\t<meta name=\"twitter:data1\" content=\"4\u00a0Minuten\">\n<script type=\"application\/ld+json\" class=\"yoast-schema-graph\">{\"@context\":\"https:\/\/schema.org\",\"@graph\":[{\"@type\":\"WebSite\",\"@id\":\"https:\/\/www.bluebutterflydesign.com\/#website\",\"url\":\"https:\/\/www.bluebutterflydesign.com\/\",\"name\":\"Blue Butterfly Design\",\"description\":\"Open For New Adventures\",\"potentialAction\":[{\"@type\":\"SearchAction\",\"target\":\"https:\/\/www.bluebutterflydesign.com\/?s={search_term_string}\",\"query-input\":\"required name=search_term_string\"}],\"inLanguage\":\"de\"},{\"@type\":\"WebPage\",\"@id\":\"https:\/\/www.bluebutterflydesign.com\/de\/impressum\/#webpage\",\"url\":\"https:\/\/www.bluebutterflydesign.com\/de\/impressum\/\",\"name\":\"Impressum - Blue Butterfly Design\",\"isPartOf\":{\"@id\":\"https:\/\/www.bluebutterflydesign.com\/#website\"},\"datePublished\":\"2021-05-11T19:19:26+00:00\",\"dateModified\":\"2021-05-17T07:44:15+00:00\",\"breadcrumb\":{\"@id\":\"https:\/\/www.bluebutterflydesign.com\/de\/impressum\/#breadcrumb\"},\"inLanguage\":\"de\",\"potentialAction\":[{\"@type\":\"ReadAction\",\"target\":[\"https:\/\/www.bluebutterflydesign.com\/de\/impressum\/\"]}]},{\"@type\":\"BreadcrumbList\",\"@id\":\"https:\/\/www.bluebutterflydesign.com\/de\/impressum\/#breadcrumb\",\"itemListElement\":[{\"@type\":\"ListItem\",\"position\":1,\"item\":{\"@type\":\"WebPage\",\"@id\":\"https:\/\/www.bluebutterflydesign.com\/de\/home\/\",\"url\":\"https:\/\/www.bluebutterflydesign.com\/de\/home\/\",\"name\":\"Home\"}},{\"@type\":\"ListItem\",\"position\":2,\"item\":{\"@id\":\"https:\/\/www.bluebutterflydesign.com\/de\/impressum\/#webpage\"}}]}]}<\/script>\n<!-- \/ Yoast SEO plugin. -->","_links":{"self":[{"href":"https:\/\/www.bluebutterflydesign.com\/de\/wp-json\/wp\/v2\/pages\/3047"}],"collection":[{"href":"https:\/\/www.bluebutterflydesign.com\/de\/wp-json\/wp\/v2\/pages"}],"about":[{"href":"https:\/\/www.bluebutterflydesign.com\/de\/wp-json\/wp\/v2\/types\/page"}],"author":[{"embeddable":true,"href":"https:\/\/www.bluebutterflydesign.com\/de\/wp-json\/wp\/v2\/users\/1"}],"replies":[{"embeddable":true,"href":"https:\/\/www.bluebutterflydesign.com\/de\/wp-json\/wp\/v2\/comments?post=3047"}],"version-history":[{"count":6,"href":"https:\/\/www.bluebutterflydesign.com\/de\/wp-json\/wp\/v2\/pages\/3047\/revisions"}],"predecessor-version":[{"id":3192,"href":"https:\/\/www.bluebutterflydesign.com\/de\/wp-json\/wp\/v2\/pages\/3047\/revisions\/3192"}],"wp:attachment":[{"href":"https:\/\/www.bluebutterflydesign.com\/de\/wp-json\/wp\/v2\/media?parent=3047"}],"curies":[{"name":"wp","href":"https:\/\/api.w.org\/{rel}","templated":true}]}}